{"id":7,"date":"2026-03-05T13:29:19","date_gmt":"2026-03-05T13:29:19","guid":{"rendered":"https:\/\/neurinfo.fr\/?page_id=7"},"modified":"2026-04-07T22:10:27","modified_gmt":"2026-04-07T22:10:27","slug":"accueil","status":"publish","type":"page","link":"https:\/\/neurinfo.fr\/","title":{"rendered":"Accueil"},"content":{"rendered":"\t\t<div data-elementor-type=\"wp-page\" data-elementor-id=\"7\" class=\"elementor elementor-7\">\n\t\t\t\t<div class=\"elementor-element elementor-element-4f568f9a e-flex e-con-boxed e-con e-parent\" data-id=\"4f568f9a\" data-element_type=\"container\" data-e-type=\"container\">\n\t\t\t\t\t<div class=\"e-con-inner\">\n\t\t\t\t<div class=\"elementor-element elementor-element-bdc4ef elementor-widget elementor-widget-text-editor\" data-id=\"bdc4ef\" data-element_type=\"widget\" data-e-type=\"widget\" data-widget_type=\"text-editor.default\">\n\t\t\t\t\t\t\t\t\t<h1>Construisez un site web \u00e0 votre image !<\/h1>\n<div class=\"wp-block-cover alignfull home-banner\" style=\"min-height: 620px;\">\n<div class=\"wp-block-cover__inner-container\">\n<div class=\"wp-block-group alignwide\">\n<div class=\"wp-block-media-text alignwide has-media-on-the-right is-stacked-on-mobile is-vertically-aligned-center\" style=\"grid-template-columns: auto 43%;\">\n<div class=\"wp-block-media-text__content\">\n<p>Imaginez cliquer sur quelques boutons, et voil\u00e0 ! Vous avez un site web \u00e9poustouflant que m\u00eame un expert en technologie envierait.\u00a0<\/p>\n<p><!-- \/wp:heading --><!-- wp:paragraph {\"style\":{\"typography\":{\"fontSize\":\"24px\"}},{\"margin\":{\"top\":\"0px\",\"bottom\":\"37px\"}}} --><\/p>\n<div class=\"wp-block-buttons\">\n<div class=\"wp-block-button\">\u00a0 \u00a0 \u00a0 \u00a0 \u00a0 \u00a0 \u00a0 \u00a0<a class=\"wp-block-button__link wp-element-button\" href=\"#\">Construisez votre site web<\/a><\/div>\n<p><!-- \/wp:button --><\/p>\n<\/div>\n<p><!-- \/wp:buttons --><\/p>\n<\/div>\n<figure class=\"wp-block-media-text__media\"><img decoding=\"async\" class=\"wp-image-6 size-full\" src=\"https:\/\/neurinfo.fr\/wp-content\/themes\/responsive\/admin\/images\/hero.svg\" alt=\"hero\" \/><\/figure>\n<\/div>\n<p><!-- \/wp:media-text --><\/p>\n<\/div>\n<p><!-- \/wp:group --><\/p>\n<\/div>\n<\/div>\n<p><!-- \/wp:cover --><!-- wp:group {\"align\":\"full\",\"className\":\"services\",\"style\":{\"spacing\":{\"padding\":{\"bottom\":\"120px\",\"top\":\"120px\",\"right\":\"80px\",\"left\":\"80px\"}}},\"layout\":{\"inherit\":false,\"contentSize\":\"1200px\",\"type\":\"constrained\"}} --><\/p>\n<div id=\"services\" class=\"wp-block-group alignfull services\" style=\"padding: 120px 80px 120px 80px;\">\n<p><!-- wp:heading {\"textAlign\":\"center\",\"style\":{\"spacing\":{\"margin\":{\"bottom\":\"0px\"}}}} --><\/p>\n<h2 class=\"wp-block-heading has-text-align-center\" style=\"margin-bottom: 0px;\">Nos services<\/h2>\n<p><!-- \/wp:heading --><!-- wp:columns {\"style\":{\"spacing\":{\"margin\":{\"top\":\"77px\"}}}} --><\/p>\n<div class=\"wp-block-columns\" style=\"margin-top: 77px;\">\n<p><!-- wp:column {\"style\":{\"spacing\":{\"blockGap\":\"8px\"}}} --><\/p>\n<div class=\"wp-block-column\">\n<p><!-- wp:image {\"id\":7,\"sizeSlug\":\"full\",\"linkDestination\":\"none\",\"className\":\"is-style-default\"} --><\/p>\n<figure class=\"wp-block-image size-full is-style-default\"><img decoding=\"async\" class=\"wp-image-7\" src=\"https:\/\/neurinfo.fr\/wp-content\/themes\/responsive\/admin\/images\/webdesign.svg\" alt=\"Web Design\" \/><\/figure>\n<p><!-- \/wp:image --><!-- wp:heading {\"textAlign\":\"center\",\"level\":3,\"style\":{\"spacing\":{\"margin\":{\"top\":\"0px\",\"bottom\":\"18px\"}}}} --><\/p>\n<h3 class=\"wp-block-heading has-text-align-center\" style=\"margin-top: 0px; margin-bottom: 18px;\">Infog\u00e9rance<\/h3>\n<p>Cr\u00e9er et maintenir des sites web, en combinant design, codage et fonctionnalit\u00e9 pour les exp\u00e9riences en ligne.<\/p>\n<p><!-- \/wp:paragraph --><\/p>\n<\/div>\n<p><!-- \/wp:column --><!-- wp:column {\"style\":{\"spacing\":{\"blockGap\":\"8px\"}}} --><\/p>\n<div class=\"wp-block-column\">\n<p><!-- wp:image {\"id\":8,\"sizeSlug\":\"full\",\"linkDestination\":\"none\"} --><\/p>\n<figure class=\"wp-block-image size-full\"><img decoding=\"async\" class=\"wp-image-8\" src=\"https:\/\/neurinfo.fr\/wp-content\/themes\/responsive\/admin\/images\/webdevelopment.svg\" alt=\"Web Development\" \/><\/figure>\n<p><!-- \/wp:image --><!-- wp:heading {\"textAlign\":\"center\",\"level\":3,\"style\":{\"spacing\":{\"margin\":{\"top\":\"0px\",\"bottom\":\"18px\"}}}} --><\/p>\n<h3 class=\"wp-block-heading has-text-align-center\" style=\"margin-top: 0px; margin-bottom: 18px;\">D\u00e9veloppement Web &amp; Marketing Digital<\/h3>\n<p>Construire et concevoir des sites WordPress, combinant cr\u00e9ativit\u00e9, codage et fonctionnalit\u00e9 pour le succ\u00e8s en ligne.<\/p>\n<p><!-- \/wp:heading --><!-- wp:paragraph {\"align\":\"center\"} --><\/p>\n<\/div>\n<div class=\"wp-block-column\">\n<figure class=\"wp-block-image size-full\"><img decoding=\"async\" class=\"wp-image-9\" src=\"https:\/\/neurinfo.fr\/wp-content\/themes\/responsive\/admin\/images\/marketingservices.svg\" alt=\"Marketing Services\" \/><\/figure>\n<p><!-- \/wp:image --><!-- wp:heading {\"textAlign\":\"center\",\"level\":3,\"style\":{\"spacing\":{\"margin\":{\"top\":\"0px\",\"bottom\":\"18px\"}}}} --><\/p>\n<h3 class=\"wp-block-heading has-text-align-center\" style=\"margin-top: 0px; margin-bottom: 18px;\">Marketing Digital<\/h3>\n<p>Promouvoir les entreprises avec des strat\u00e9gies pour augmenter la visibilit\u00e9, l\u2019engagement et g\u00e9n\u00e9rer des r\u00e9sultats positifs.<\/p>\n<p><!-- \/wp:heading --><!-- wp:paragraph {\"align\":\"center\"} --><\/p>\n<\/div>\n<\/div>\n<\/div>\n<div id=\"about\" class=\"wp-block-group alignfull about\" style=\"padding: 120px 80px 124px 80px;\">\n<div class=\"wp-block-media-text has-media-on-the-right is-stacked-on-mobile is-vertically-aligned-center\" style=\"grid-template-columns: auto 33%;\">\n<div class=\"wp-block-media-text__content\">\n<div class=\"wp-block-group\">\n<h2 class=\"wp-block-heading\" style=\"margin-bottom: 12px;\">Building the Future, One Website at a Time<\/h2>\n<p><!-- \/wp:heading --><!-- wp:paragraph {\"style\":{\"margin\":{\"top\":\"0px\",\"bottom\":\"14px\"}}} --><\/p>\n<p style=\"margin-top: 0px; margin-bottom: 18px;\">At the heart of innovation lies the ability to create digital experiences that inspire and connect. With every website crafted, we aim to shape the future of online interaction\u2014combining cutting-edge technology, thoughtful design, and user-focused functionality.<\/p>\n<p><!-- \/wp:paragraph --><!-- wp:paragraph {\"style\":{\"margin\":{\"top\":\"0px\",\"bottom\":\"0px\"}}} --><\/p>\n<p style=\"margin-top: 0px; margin-bottom: 0px;\">Every website we build is a step toward a more connected and dynamic future. By blending innovation, design, and functionality, we create digital spaces that empower businesses and individuals to thrive<\/p>\n<p><!-- \/wp:paragraph --><\/p>\n<\/div>\n<p><!-- \/wp:group --><\/p>\n<\/div>\n<figure class=\"wp-block-media-text__media\"><img decoding=\"async\" class=\"wp-image-10 size-full\" src=\"https:\/\/neurinfo.fr\/wp-content\/themes\/responsive\/admin\/images\/about-us.png\" alt=\"About Us\" \/><\/figure>\n<\/div>\n<p><!-- \/wp:media-text --><\/p>\n<\/div>\n<p><!-- \/wp:group --><!-- wp:group {\"align\":\"full\",\"className\":\"whyus\",\"style\":{\"spacing\":{\"padding\":{\"bottom\":\"175px\",\"top\":\"178px\",\"right\":\"80px\",\"left\":\"80px\"}},\"color\":{\"background\":\"#F6ECFE\"}},\"layout\":{\"inherit\":false,\"contentSize\":\"1200px\",\"type\":\"constrained\"}} --><\/p>\n<div id=\"whyus\" class=\"wp-block-group alignfull whyus has-background\" style=\"background-color: #f6ecfe; padding: 178px 80px 175px 80px;\">\n<p><!-- wp:columns {\"style\":{\"spacing\":{\"blockGap\":\"183px\"}}} --><\/p>\n<div class=\"wp-block-columns\">\n<p><!-- wp:column {\"style\":{\"spacing\":{\"blockGap\":\"8px\"}}} --><\/p>\n<div class=\"wp-block-column\">\n<p><!-- wp:image {\"id\":11,\"sizeSlug\":\"full\",\"linkDestination\":\"none\",\"align\":\"center\"} --><\/p>\n<figure class=\"wp-block-image aligncenter size-full\"><img decoding=\"async\" class=\"wp-image-11\" src=\"https:\/\/neurinfo.fr\/wp-content\/themes\/responsive\/admin\/images\/passionate.svg\" alt=\"Passionate\" \/><\/figure>\n<p><!-- \/wp:image --><!-- wp:heading {\"textAlign\":\"center\",\"level\":3,\"style\":{\"spacing\":{\"margin\":{\"top\":\"16px\"}}}} --><\/p>\n<h3 class=\"wp-block-heading has-text-align-center\" style=\"margin-top: 16px;\">Passionate<\/h3>\n<p><!-- \/wp:heading --><!-- wp:paragraph {\"align\":\"center\"} --><\/p>\n<p class=\"has-text-align-center\">Driven by enthusiasm and dedication to deliver excellence in every endeavor.<\/p>\n<p><!-- \/wp:paragraph --><\/p>\n<\/div>\n<p><!-- \/wp:column --><!-- wp:column {\"style\":{\"spacing\":{\"blockGap\":\"8px\"}}} --><\/p>\n<div class=\"wp-block-column\">\n<p><!-- wp:image {\"id\":12,\"sizeSlug\":\"full\",\"linkDestination\":\"none\",\"align\":\"center\"} --><\/p>\n<figure class=\"wp-block-image aligncenter size-full\"><img decoding=\"async\" class=\"wp-image-12\" src=\"https:\/\/neurinfo.fr\/wp-content\/themes\/responsive\/admin\/images\/professional.svg\" alt=\"Professional\" \/><\/figure>\n<p><!-- \/wp:image --><!-- wp:heading {\"textAlign\":\"center\",\"level\":3,\"style\":{\"spacing\":{\"margin\":{\"top\":\"16px\"}}}} --><\/p>\n<h3 class=\"wp-block-heading has-text-align-center\" style=\"margin-top: 16px;\">Professional<\/h3>\n<p><!-- \/wp:heading --><!-- wp:paragraph {\"align\":\"center\"} --><\/p>\n<p class=\"has-text-align-center\">Committed to delivering quality, reliability, and expertise in every project undertaken.<\/p>\n<p><!-- \/wp:paragraph --><\/p>\n<\/div>\n<p><!-- \/wp:column --><!-- wp:column {\"style\":{\"spacing\":{\"blockGap\":\"8px\"}}} --><\/p>\n<div class=\"wp-block-column\">\n<p><!-- wp:image {\"id\":13,\"sizeSlug\":\"full\",\"linkDestination\":\"none\",\"align\":\"center\"} --><\/p>\n<figure class=\"wp-block-image aligncenter size-full\"><img decoding=\"async\" class=\"wp-image-13\" src=\"https:\/\/neurinfo.fr\/wp-content\/themes\/responsive\/admin\/images\/support.svg\" alt=\"Support\" \/><\/figure>\n<p><!-- \/wp:image --><!-- wp:heading {\"textAlign\":\"center\",\"level\":3,\"style\":{\"spacing\":{\"margin\":{\"top\":\"16px\"}}}} --><\/p>\n<h3 class=\"wp-block-heading has-text-align-center\" style=\"margin-top: 16px;\">Support<\/h3>\n<p><!-- \/wp:heading --><!-- wp:paragraph {\"align\":\"center\"} --><\/p>\n<p class=\"has-text-align-center\">Providing reliable assistance and solutions to ensure your success at every step.<\/p>\n<p><!-- \/wp:paragraph --><\/p>\n<\/div>\n<p><!-- \/wp:column --><\/p>\n<\/div>\n<p><!-- \/wp:columns --><\/p>\n<\/div>\n<p><!-- \/wp:group --><!-- wp:group {\"align\":\"full\",\"className\":\"testimonials\",\"style\":{\"spacing\":{\"padding\":{\"top\":\"158px\",\"bottom\":\"158px\",\"right\":\"80px\",\"left\":\"80px\"}},\"layout\":{\"inherit\":false,\"contentSize\":\"1028px\",\"type\":\"constrained\"}}} --><\/p>\n<div id=\"testimonials\" class=\"wp-block-group alignfull testimonials\" style=\"padding: 158px 80px 158px 80px;\">\n<p><!-- wp:paragraph {\"align\":\"center\",\"style\":{\"spacing\":{\"margin\":{\"bottom\":\"24px\"}},\"typography\":{\"fontSize\":\"24px\"}}} --><\/p>\n<p class=\"has-text-align-center\" style=\"margin-bottom: 24px; font-size: 24px;\">\u201cI use this theme pretty often, as it gives me what I need and a lot more. Super-flexible for many purposes and not least, it is responsive. <img decoding=\"async\" class=\"emoji\" role=\"img\" draggable=\"false\" src=\"https:\/\/s.w.org\/images\/core\/emoji\/17.0.2\/svg\/1f642.svg\" alt=\"\ud83d\ude42\" \/>\u201d<\/p>\n<p><!-- \/wp:paragraph --><!-- wp:paragraph {\"align\":\"center\",\"style\":{\"spacing\":{\"margin\":{\"top\":\"0px\"}}}} --><\/p>\n<p class=\"has-text-align-center\" style=\"margin-top: 0px;\"><strong>-Responsive Theme User<\/strong><\/p>\n<p><!-- \/wp:paragraph --><\/p>\n<\/div>\n<p><!-- \/wp:group --><!-- wp:group {\"align\":\"full\",\"className\":\"contact\",\"style\":{\"color\":{\"gradient\":\"linear-gradient(60.83deg, #2D2C52 -26.89%, #7C29C4 73.99%, #FFFFFF 130.3%)\"},\"spacing\":{\"padding\":{\"top\":\"194px\",\"bottom\":\"194px\"}}},\"layout\":{\"inherit\":false,\"contentSize\":\"1084px\",\"type\":\"constrained\"}} --><\/p>\n<div id=\"contact\" class=\"wp-block-group alignfull contact has-background\" style=\"background: linear-gradient(60.83deg, #2D2C52 -26.89%, #7C29C4 73.99%, #FFFFFF 130.3%); padding-top: 194px; padding-bottom: 194px;\">\n<p><!-- wp:heading {\"textAlign\":\"center\",\"level\":4,\"style\":{\"spacing\":{\"margin\":{\"bottom\":\"0px\"}}}} --><\/p>\n<h4 class=\"wp-block-heading has-text-align-center\" style=\"margin-bottom: 0px;\">Turn Your Website Ideas into Reality, Today!<\/h4>\n<h4 class=\"wp-block-heading has-text-align-center\" style=\"margin-bottom: 0px;\"><a class=\"wp-block-button__link wp-element-button\" style=\"background-color: initial;\">Build Your Website<\/a><\/h4>\n<div class=\"wp-block-buttons alignwide\" style=\"margin-top: 26px;\">\n<p><!-- \/wp:button --><\/p>\n<\/div>\n<p><!-- \/wp:buttons --><\/p>\n<\/div>\n<p><!-- \/wp:group --><\/p>\t\t\t\t\t\t\t\t<\/div>\n\t\t\t\t\t<\/div>\n\t\t\t\t<\/div>\n\t\t\t\t<\/div>\n\t\t","protected":false},"excerpt":{"rendered":"<p>Construisez un site web \u00e0 votre image ! Imaginez cliquer sur quelques boutons, et voil\u00e0 ! Vous avez un site web \u00e9poustouflant que m\u00eame un expert en technologie envierait.\u00a0 \u00a0 \u00a0 \u00a0 \u00a0 \u00a0 \u00a0 \u00a0 \u00a0Construisez votre site web &hellip;<\/p>\n<p class=\"read-more\"> <a class=\"more-link\" href=\"https:\/\/neurinfo.fr\/\"> <span class=\"screen-reader-text\">Accueil<\/span> Read More &raquo;<\/a><\/p>\n","protected":false},"author":1,"featured_media":0,"parent":0,"menu_order":0,"comment_status":"closed","ping_status":"closed","template":"gutenberg-fullwidth.php","meta":{"footnotes":""},"class_list":["post-7","page","type-page","status-publish","hentry"],"yoast_head":"<!-- This site is optimized with the Yoast SEO plugin v27.3 - https:\/\/yoast.com\/product\/yoast-seo-wordpress\/ -->\n<title>Accueil - Neurinfo<\/title>\n<meta name=\"robots\" content=\"index, follow, max-snippet:-1, max-image-preview:large, max-video-preview:-1\" \/>\n<link rel=\"canonical\" href=\"https:\/\/neurinfo.fr\/\" \/>\n<meta property=\"og:locale\" content=\"fr_FR\" \/>\n<meta property=\"og:type\" content=\"article\" \/>\n<meta property=\"og:title\" content=\"Accueil - Neurinfo\" \/>\n<meta property=\"og:description\" content=\"Construisez un site web \u00e0 votre image ! Imaginez cliquer sur quelques boutons, et voil\u00e0 ! Vous avez un site web \u00e9poustouflant que m\u00eame un expert en technologie envierait.\u00a0 \u00a0 \u00a0 \u00a0 \u00a0 \u00a0 \u00a0 \u00a0 \u00a0Construisez votre site web &hellip; Accueil Read More &raquo;\" \/>\n<meta property=\"og:url\" content=\"https:\/\/neurinfo.fr\/\" \/>\n<meta property=\"og:site_name\" content=\"Neurinfo\" \/>\n<meta property=\"article:modified_time\" content=\"2026-04-07T22:10:27+00:00\" \/>\n<meta name=\"twitter:card\" content=\"summary_large_image\" \/>\n<meta name=\"twitter:label1\" content=\"Dur\u00e9e de lecture estim\u00e9e\" \/>\n\t<meta name=\"twitter:data1\" content=\"4 minutes\" \/>\n<script type=\"application\/ld+json\" class=\"yoast-schema-graph\">{\"@context\":\"https:\\\/\\\/schema.org\",\"@graph\":[{\"@type\":\"WebPage\",\"@id\":\"https:\\\/\\\/neurinfo.fr\\\/\",\"url\":\"https:\\\/\\\/neurinfo.fr\\\/\",\"name\":\"Accueil - Neurinfo\",\"isPartOf\":{\"@id\":\"https:\\\/\\\/neurinfo.fr\\\/#website\"},\"primaryImageOfPage\":{\"@id\":\"https:\\\/\\\/neurinfo.fr\\\/#primaryimage\"},\"image\":{\"@id\":\"https:\\\/\\\/neurinfo.fr\\\/#primaryimage\"},\"thumbnailUrl\":\"https:\\\/\\\/neurinfo.fr\\\/wp-content\\\/themes\\\/responsive\\\/admin\\\/images\\\/hero.svg\",\"datePublished\":\"2026-03-05T13:29:19+00:00\",\"dateModified\":\"2026-04-07T22:10:27+00:00\",\"breadcrumb\":{\"@id\":\"https:\\\/\\\/neurinfo.fr\\\/#breadcrumb\"},\"inLanguage\":\"fr-FR\",\"potentialAction\":[{\"@type\":\"ReadAction\",\"target\":[\"https:\\\/\\\/neurinfo.fr\\\/\"]}]},{\"@type\":\"ImageObject\",\"inLanguage\":\"fr-FR\",\"@id\":\"https:\\\/\\\/neurinfo.fr\\\/#primaryimage\",\"url\":\"\",\"contentUrl\":\"\"},{\"@type\":\"BreadcrumbList\",\"@id\":\"https:\\\/\\\/neurinfo.fr\\\/#breadcrumb\",\"itemListElement\":[{\"@type\":\"ListItem\",\"position\":1,\"name\":\"Accueil\",\"item\":\"https:\\\/\\\/neurinfo.fr\\\/\"},{\"@type\":\"ListItem\",\"position\":2,\"name\":\"Accueil\"}]},{\"@type\":\"WebSite\",\"@id\":\"https:\\\/\\\/neurinfo.fr\\\/#website\",\"url\":\"https:\\\/\\\/neurinfo.fr\\\/\",\"name\":\"Neurinfo\",\"description\":\"Votre partenaire inform\u00e9tik !\",\"publisher\":{\"@id\":\"https:\\\/\\\/neurinfo.fr\\\/#organization\"},\"potentialAction\":[{\"@type\":\"SearchAction\",\"target\":{\"@type\":\"EntryPoint\",\"urlTemplate\":\"https:\\\/\\\/neurinfo.fr\\\/?s={search_term_string}\"},\"query-input\":{\"@type\":\"PropertyValueSpecification\",\"valueRequired\":true,\"valueName\":\"search_term_string\"}}],\"inLanguage\":\"fr-FR\"},{\"@type\":\"Organization\",\"@id\":\"https:\\\/\\\/neurinfo.fr\\\/#organization\",\"name\":\"Neurinfo\",\"url\":\"https:\\\/\\\/neurinfo.fr\\\/\",\"logo\":{\"@type\":\"ImageObject\",\"inLanguage\":\"fr-FR\",\"@id\":\"https:\\\/\\\/neurinfo.fr\\\/#\\\/schema\\\/logo\\\/image\\\/\",\"url\":\"https:\\\/\\\/neurinfo.fr\\\/wp-content\\\/uploads\\\/2026\\\/03\\\/cropped-cropped-neurinfo-logo-header-1.png\",\"contentUrl\":\"https:\\\/\\\/neurinfo.fr\\\/wp-content\\\/uploads\\\/2026\\\/03\\\/cropped-cropped-neurinfo-logo-header-1.png\",\"width\":100,\"height\":100,\"caption\":\"Neurinfo\"},\"image\":{\"@id\":\"https:\\\/\\\/neurinfo.fr\\\/#\\\/schema\\\/logo\\\/image\\\/\"}}]}<\/script>\n<!-- \/ Yoast SEO plugin. -->","yoast_head_json":{"title":"Accueil - Neurinfo","robots":{"index":"index","follow":"follow","max-snippet":"max-snippet:-1","max-image-preview":"max-image-preview:large","max-video-preview":"max-video-preview:-1"},"canonical":"https:\/\/neurinfo.fr\/","og_locale":"fr_FR","og_type":"article","og_title":"Accueil - Neurinfo","og_description":"Construisez un site web \u00e0 votre image ! Imaginez cliquer sur quelques boutons, et voil\u00e0 ! Vous avez un site web \u00e9poustouflant que m\u00eame un expert en technologie envierait.\u00a0 \u00a0 \u00a0 \u00a0 \u00a0 \u00a0 \u00a0 \u00a0 \u00a0Construisez votre site web &hellip; Accueil Read More &raquo;","og_url":"https:\/\/neurinfo.fr\/","og_site_name":"Neurinfo","article_modified_time":"2026-04-07T22:10:27+00:00","twitter_card":"summary_large_image","twitter_misc":{"Dur\u00e9e de lecture estim\u00e9e":"4 minutes"},"schema":{"@context":"https:\/\/schema.org","@graph":[{"@type":"WebPage","@id":"https:\/\/neurinfo.fr\/","url":"https:\/\/neurinfo.fr\/","name":"Accueil - Neurinfo","isPartOf":{"@id":"https:\/\/neurinfo.fr\/#website"},"primaryImageOfPage":{"@id":"https:\/\/neurinfo.fr\/#primaryimage"},"image":{"@id":"https:\/\/neurinfo.fr\/#primaryimage"},"thumbnailUrl":"https:\/\/neurinfo.fr\/wp-content\/themes\/responsive\/admin\/images\/hero.svg","datePublished":"2026-03-05T13:29:19+00:00","dateModified":"2026-04-07T22:10:27+00:00","breadcrumb":{"@id":"https:\/\/neurinfo.fr\/#breadcrumb"},"inLanguage":"fr-FR","potentialAction":[{"@type":"ReadAction","target":["https:\/\/neurinfo.fr\/"]}]},{"@type":"ImageObject","inLanguage":"fr-FR","@id":"https:\/\/neurinfo.fr\/#primaryimage","url":"","contentUrl":""},{"@type":"BreadcrumbList","@id":"https:\/\/neurinfo.fr\/#breadcrumb","itemListElement":[{"@type":"ListItem","position":1,"name":"Accueil","item":"https:\/\/neurinfo.fr\/"},{"@type":"ListItem","position":2,"name":"Accueil"}]},{"@type":"WebSite","@id":"https:\/\/neurinfo.fr\/#website","url":"https:\/\/neurinfo.fr\/","name":"Neurinfo","description":"Votre partenaire inform\u00e9tik !","publisher":{"@id":"https:\/\/neurinfo.fr\/#organization"},"potentialAction":[{"@type":"SearchAction","target":{"@type":"EntryPoint","urlTemplate":"https:\/\/neurinfo.fr\/?s={search_term_string}"},"query-input":{"@type":"PropertyValueSpecification","valueRequired":true,"valueName":"search_term_string"}}],"inLanguage":"fr-FR"},{"@type":"Organization","@id":"https:\/\/neurinfo.fr\/#organization","name":"Neurinfo","url":"https:\/\/neurinfo.fr\/","logo":{"@type":"ImageObject","inLanguage":"fr-FR","@id":"https:\/\/neurinfo.fr\/#\/schema\/logo\/image\/","url":"https:\/\/neurinfo.fr\/wp-content\/uploads\/2026\/03\/cropped-cropped-neurinfo-logo-header-1.png","contentUrl":"https:\/\/neurinfo.fr\/wp-content\/uploads\/2026\/03\/cropped-cropped-neurinfo-logo-header-1.png","width":100,"height":100,"caption":"Neurinfo"},"image":{"@id":"https:\/\/neurinfo.fr\/#\/schema\/logo\/image\/"}}]}},"_links":{"self":[{"href":"https:\/\/neurinfo.fr\/index.php?rest_route=\/wp\/v2\/pages\/7","targetHints":{"allow":["GET"]}}],"collection":[{"href":"https:\/\/neurinfo.fr\/index.php?rest_route=\/wp\/v2\/pages"}],"about":[{"href":"https:\/\/neurinfo.fr\/index.php?rest_route=\/wp\/v2\/types\/page"}],"author":[{"embeddable":true,"href":"https:\/\/neurinfo.fr\/index.php?rest_route=\/wp\/v2\/users\/1"}],"replies":[{"embeddable":true,"href":"https:\/\/neurinfo.fr\/index.php?rest_route=%2Fwp%2Fv2%2Fcomments&post=7"}],"version-history":[{"count":36,"href":"https:\/\/neurinfo.fr\/index.php?rest_route=\/wp\/v2\/pages\/7\/revisions"}],"predecessor-version":[{"id":119,"href":"https:\/\/neurinfo.fr\/index.php?rest_route=\/wp\/v2\/pages\/7\/revisions\/119"}],"wp:attachment":[{"href":"https:\/\/neurinfo.fr\/index.php?rest_route=%2Fwp%2Fv2%2Fmedia&parent=7"}],"curies":[{"name":"wp","href":"https:\/\/api.w.org\/{rel}","templated":true}]}}